{"id":532,"date":"2024-10-16T21:41:04","date_gmt":"2024-10-16T19:41:04","guid":{"rendered":"https:\/\/maisondebeautecapeyron.fr\/?page_id=532"},"modified":"2025-12-01T08:28:36","modified_gmt":"2025-12-01T07:28:36","slug":"beaute-du-regard","status":"publish","type":"page","link":"https:\/\/maisondebeautecapeyron.fr\/index.php\/beaute-du-regard\/","title":{"rendered":"Beaut\u00e9 du regard"},"content":{"rendered":"<p>[et_pb_section fb_built=\u00a0\u00bb1&Prime; admin_label=\u00a0\u00bbHeader\u00a0\u00bb _builder_version=\u00a0\u00bb4.24.0&Prime; _module_preset=\u00a0\u00bbdefault\u00a0\u00bb background_color=\u00a0\u00bbgcid-70405ffa-9041-4b6a-a9b0-2fbdad20b313&Prime; use_background_color_gradient=\u00a0\u00bbon\u00a0\u00bb background_color_gradient_stops=\u00a0\u00bbgcid-b92786ff-ec87-4324-a2ab-968e5bd0cb80 6%|gcid-904649ba-8489-45ef-bc4d-794bd4d0fcba 100%|rgba(255,251,243,0.4) 100%|rgba(252,248,239,0) 100%\u00a0\u00bb background_color_gradient_overlays_image=\u00a0\u00bbon\u00a0\u00bb background_image=\u00a0\u00bbhttp:\/\/maisondebeautecapeyron.fr\/wp-content\/uploads\/2024\/10\/CY1A8536-scaled.jpg\u00a0\u00bb background_position=\u00a0\u00bbbottom_center\u00a0\u00bb custom_padding=\u00a0\u00bb6vw||6vw||false|false\u00a0\u00bb background_last_edited=\u00a0\u00bbon|phone\u00a0\u00bb use_background_color_gradient_phone=\u00a0\u00bbon\u00a0\u00bb background_color_gradient_stops_phone=\u00a0\u00bbgcid-904649ba-8489-45ef-bc4d-794bd4d0fcba 34%|rgba(252,248,239,0) 68%|rgba(255,251,243,0.4) 88%|gcid-904649ba-8489-45ef-bc4d-794bd4d0fcba 98%\u00a0\u00bb locked=\u00a0\u00bboff\u00a0\u00bb collapsed=\u00a0\u00bbon\u00a0\u00bb global_colors_info=\u00a0\u00bb{%22gcid-904649ba-8489-45ef-bc4d-794bd4d0fcba%22:%91%22background_color_gradient_stops%22%93,%22gcid-70405ffa-9041-4b6a-a9b0-2fbdad20b313%22:%91%22background_color%22%93,%22gcid-b92786ff-ec87-4324-a2ab-968e5bd0cb80%22:%91%22background_color_gradient_stops%22%93}\u00a0\u00bb][et_pb_row _builder_version=\u00a0\u00bb4.20.0&Prime; _module_preset=\u00a0\u00bbdefault\u00a0\u00bb global_colors_info=\u00a0\u00bb{}\u00a0\u00bb][et_pb_column type=\u00a0\u00bb4_4&Prime; _builder_version=\u00a0\u00bb4.20.0&Prime; _module_preset=\u00a0\u00bbdefault\u00a0\u00bb global_colors_info=\u00a0\u00bb{}\u00a0\u00bb][et_pb_heading title=\u00a0\u00bbMettez en valeur votre regard avec nos diff\u00e9rentes prestations.\u00a0\u00bb _builder_version=\u00a0\u00bb4.24.0&Prime; _module_preset=\u00a0\u00bb7667d6c8-66de-4caa-b87d-8e79877827af\u00a0\u00bb title_font=\u00a0\u00bbOranienbaum|700|||||||\u00a0\u00bb title_text_color=\u00a0\u00bbgcid-ff4238ef-1712-4e1c-9161-9652514bffb3&Prime; custom_margin=\u00a0\u00bb||10px||false|false\u00a0\u00bb global_colors_info=\u00a0\u00bb{%22gcid-ff4238ef-1712-4e1c-9161-9652514bffb3%22:%91%22title_text_color%22%93}\u00a0\u00bb][\/et_pb_heading][et_pb_text _builder_version=\u00a0\u00bb4.24.0&Prime; _module_preset=\u00a0\u00bb909ce62d-b91c-4bef-9349-15fd8b65d738&Prime; text_font=\u00a0\u00bbPoppins|500|||||||\u00a0\u00bb text_text_color=\u00a0\u00bbgcid-ff4238ef-1712-4e1c-9161-9652514bffb3&Prime; global_colors_info=\u00a0\u00bb{%22gcid-3f98729a-f325-4262-9065-9ac1c05e54f8%22:%91%22link_text_color%22,%22quote_text_color%22,%22quote_border_color%22,%22link_text_color%22,%22quote_text_color%22,%22quote_border_color%22,%22link_text_color%22,%22quote_text_color%22,%22quote_border_color%22,%22link_text_color%22,%22quote_text_color%22,%22quote_border_color%22,%22link_text_color%22,%22quote_text_color%22,%22quote_border_color%22,%22link_text_color%22,%22quote_text_color%22,%22quote_border_color%22,%22link_text_color%22,%22quote_text_color%22,%22quote_border_color%22,%22link_text_color%22,%22quote_text_color%22,%22quote_border_color%22,%22link_text_color%22,%22quote_text_color%22,%22quote_border_color%22%93,%22gcid-ff4238ef-1712-4e1c-9161-9652514bffb3%22:%91%22text_text_color%22%93}\u00a0\u00bb]<\/p>\n<p><span id=\"selectionBoundary_1704547110309_5539872662636769\" class=\"rangySelectionBoundary\"><\/span><span>Teinture des sourcils au henn\u00e9,\u00a0<\/span><span> ou brow lift, nous vous garantissons un r\u00e9sultat optimal pour <\/span><span id=\"selectionBoundary_1724351275488_6451932315887057\" class=\"rangySelectionBoundary\"><\/span><span>mettre<\/span><span id=\"selectionBoundary_1724351275488_7871819092378707\" class=\"rangySelectionBoundary\"><\/span><span> en valeur votre regard.<\/span><span id=\"selectionBoundary_1704547141806_4608032059031575\" class=\"rangySelectionBoundary\"><\/span><\/p>\n<p>[\/et_pb_text][\/et_pb_column][\/et_pb_row][\/et_pb_section][et_pb_section fb_built=\u00a0\u00bb1&Prime; specialty=\u00a0\u00bbon\u00a0\u00bb admin_label=\u00a0\u00bbMenu\u00a0\u00bb _builder_version=\u00a0\u00bb4.24.0&Prime; _module_preset=\u00a0\u00bbdefault\u00a0\u00bb background_color=\u00a0\u00bbgcid-ff4238ef-1712-4e1c-9161-9652514bffb3&Prime; collapsed=\u00a0\u00bbon\u00a0\u00bb global_colors_info=\u00a0\u00bb{%22gcid-ff4238ef-1712-4e1c-9161-9652514bffb3%22:%91%22background_color%22%93}\u00a0\u00bb][et_pb_column type=\u00a0\u00bb1_3&Prime; _builder_version=\u00a0\u00bb4.16&Prime; _module_preset=\u00a0\u00bbdefault\u00a0\u00bb custom_padding=\u00a0\u00bb|||\u00a0\u00bb global_colors_info=\u00a0\u00bb{}\u00a0\u00bb custom_padding__hover=\u00a0\u00bb|||\u00a0\u00bb][et_pb_image src=\u00a0\u00bbhttp:\/\/maisondebeautecapeyron.fr\/wp-content\/uploads\/2024\/10\/CY1A0450-scaled.jpg\u00a0\u00bb title_text=\u00a0\u00bbCY1A0450&Prime; _builder_version=\u00a0\u00bb4.24.0&Prime; _module_preset=\u00a0\u00bbdefault\u00a0\u00bb width=\u00a0\u00bb149%\u00a0\u00bb custom_margin=\u00a0\u00bb|||-11vw|false|false\u00a0\u00bb custom_margin_tablet=\u00a0\u00bb|||0vw|false|false\u00a0\u00bb custom_margin_phone=\u00a0\u00bb|||0vw|false|false\u00a0\u00bb custom_margin_last_edited=\u00a0\u00bbon|desktop\u00a0\u00bb global_colors_info=\u00a0\u00bb{}\u00a0\u00bb][\/et_pb_image][\/et_pb_column][et_pb_column type=\u00a0\u00bb2_3&Prime; specialty_columns=\u00a0\u00bb2&Prime; _builder_version=\u00a0\u00bb4.16&Prime; _module_preset=\u00a0\u00bbdefault\u00a0\u00bb custom_padding=\u00a0\u00bb|||\u00a0\u00bb global_colors_info=\u00a0\u00bb{}\u00a0\u00bb custom_padding__hover=\u00a0\u00bb|||\u00a0\u00bb][et_pb_row_inner column_structure=\u00a0\u00bb1_3,1_3,1_3&Prime; _builder_version=\u00a0\u00bb4.25.1&Prime; _module_preset=\u00a0\u00bbdefault\u00a0\u00bb global_colors_info=\u00a0\u00bb{}\u00a0\u00bb][et_pb_column_inner type=\u00a0\u00bb1_3&Prime; saved_specialty_column_type=\u00a0\u00bb2_3&Prime; _builder_version=\u00a0\u00bb4.25.1&Prime; _module_preset=\u00a0\u00bbdefault\u00a0\u00bb global_colors_info=\u00a0\u00bb{}\u00a0\u00bb][et_pb_heading title=\u00a0\u00bbBeaut\u00e9 du regard\u00a0\u00bb _builder_version=\u00a0\u00bb4.24.0&Prime; _module_preset=\u00a0\u00bb66d01f54-1177-448e-b5a0-fe4985cc9353&Prime; title_font=\u00a0\u00bbOranienbaum|700|||||||\u00a0\u00bb title_text_color=\u00a0\u00bbgcid-b92786ff-ec87-4324-a2ab-968e5bd0cb80&Prime; custom_margin=\u00a0\u00bb||10px||false|false\u00a0\u00bb locked=\u00a0\u00bboff\u00a0\u00bb global_colors_info=\u00a0\u00bb{%22gcid-b92786ff-ec87-4324-a2ab-968e5bd0cb80%22:%91%22title_text_color%22%93}\u00a0\u00bb][\/et_pb_heading][et_pb_heading title=\u00a0\u00bbTeinture des sourcils \u2013 Henn\u00e9 v\u00e9g\u00e9tal ou teinture classique\u00a0\u00bb _builder_version=\u00a0\u00bb4.24.0&Prime; _module_preset=\u00a0\u00bb1e2dd288-d54c-4d8c-a46b-44f8bc4878f7&Prime; title_font=\u00a0\u00bbPoppins|700|||||||\u00a0\u00bb title_text_color=\u00a0\u00bbgcid-b92786ff-ec87-4324-a2ab-968e5bd0cb80&Prime; custom_margin=\u00a0\u00bb||0px||false|false\u00a0\u00bb locked=\u00a0\u00bboff\u00a0\u00bb global_colors_info=\u00a0\u00bb{%22gcid-b92786ff-ec87-4324-a2ab-968e5bd0cb80%22:%91%22title_text_color%22%93}\u00a0\u00bb][\/et_pb_heading][et_pb_heading title=\u00a0\u00bb20,00\u20ac &#8211; 30 min\u00a0\u00bb _builder_version=\u00a0\u00bb4.24.0&Prime; _module_preset=\u00a0\u00bbe14aaf9c-3ff4-4d22-b5c5-a3f556c0d4aa\u00a0\u00bb title_font=\u00a0\u00bbPoppins|700||on|||||\u00a0\u00bb title_text_color=\u00a0\u00bbgcid-6b400d13-008b-43c3-a1b5-80c82d508152&Prime; custom_margin=\u00a0\u00bb||0px||false|false\u00a0\u00bb locked=\u00a0\u00bboff\u00a0\u00bb global_colors_info=\u00a0\u00bb{%22gcid-6b400d13-008b-43c3-a1b5-80c82d508152%22:%91%22title_text_color%22%93}\u00a0\u00bb][\/et_pb_heading][et_pb_text _builder_version=\u00a0\u00bb4.24.0&Prime; _module_preset=\u00a0\u00bb6461aa78-f01a-4cb3-bace-e5c8b1f8dca2&Prime; text_font=\u00a0\u00bbPoppins|300|||||||\u00a0\u00bb text_text_color=\u00a0\u00bbgcid-b92786ff-ec87-4324-a2ab-968e5bd0cb80&Prime; global_colors_info=\u00a0\u00bb{%22gcid-3f98729a-f325-4262-9065-9ac1c05e54f8%22:%91%22link_text_color%22,%22quote_text_color%22,%22quote_border_color%22,%22link_text_color%22,%22quote_text_color%22,%22quote_border_color%22,%22link_text_color%22,%22quote_text_color%22,%22quote_border_color%22,%22link_text_color%22,%22quote_text_color%22,%22quote_border_color%22%93,%22gcid-b92786ff-ec87-4324-a2ab-968e5bd0cb80%22:%91%22text_text_color%22%93}\u00a0\u00bb]<\/p>\n<p style=\"font-weight: 300;\">Sublimez votre regard avec une teinture des sourcils parfaitement adapt\u00e9e \u00e0 vos envies et \u00e0 votre peau !<\/p>\n<p>Nous vous proposons<span>\u00a0<\/span><b><strong>deux techniques au choix<\/strong><\/b>, pour un r\u00e9sultat naturel, d\u00e9fini et harmonieux :<\/p>\n<p style=\"font-weight: 300;\"><b><strong>Teinture au henn\u00e9 v\u00e9g\u00e9tal<\/strong><\/b><br \/>Id\u00e9ale pour un effet maquill\u00e9 naturel et longue dur\u00e9e.<\/p>\n<p>Le henn\u00e9 colore \u00e0 la fois le poil<span>\u00a0<\/span><b><strong>et la peau<\/strong><\/b>, pour un effet structur\u00e9 pendant environ<span>\u00a0<\/span><b><strong>2 semaines sur la peau<\/strong><\/b><span>\u00a0<\/span>et<span>\u00a0<\/span><b><strong>4 \u00e0 6 semaines sur le poil<\/strong><\/b>.<\/p>\n<p>Parfait pour celles qui souhaitent red\u00e9finir leur ligne de sourcils sans maquillage quotidien.<\/p>\n<p style=\"font-weight: 300;\"><b><strong>Teinture classique<\/strong><\/b><br \/>Formule douce et stable, con\u00e7ue pour colorer uniquement les<span>\u00a0<\/span><b><strong>poils<\/strong><\/b><span>\u00a0<\/span>du sourcil, avec un rendu plus discret.<\/p>\n<p>La tenue est d\u2019environ<span>\u00a0<\/span><b><strong>4 semaines<\/strong><\/b>, avec une<span>\u00a0<\/span><b><strong>large palette de teintes<\/strong><\/b><span>\u00a0<\/span>pour un r\u00e9sultat 100 % personnalis\u00e9.<\/p>\n<p>[\/et_pb_text][et_pb_button button_url=\u00a0\u00bbhttps:\/\/app.reservation-en-ligne.fr\/maison-de-beaute-de-capeyron-33700-merignac\/appointment\u00a0\u00bb button_text=\u00a0\u00bbR\u00e9server\u00a0\u00bb _builder_version=\u00a0\u00bb4.24.0&Prime; _module_preset=\u00a0\u00bbdefault\u00a0\u00bb custom_button=\u00a0\u00bbon\u00a0\u00bb button_text_color=\u00a0\u00bbgcid-9dfd0cfb-55f4-48fb-b1a6-5eee068c869a\u00a0\u00bb button_bg_color=\u00a0\u00bbgcid-b92786ff-ec87-4324-a2ab-968e5bd0cb80&Prime; button_border_width=\u00a0\u00bb0px\u00a0\u00bb button_border_radius=\u00a0\u00bb4px\u00a0\u00bb button_font=\u00a0\u00bbOranienbaum||||||||\u00a0\u00bb custom_margin=\u00a0\u00bb-16px||||false|false\u00a0\u00bb hover_enabled=\u00a0\u00bb0&Prime; locked=\u00a0\u00bboff\u00a0\u00bb global_colors_info=\u00a0\u00bb{%22gcid-9dfd0cfb-55f4-48fb-b1a6-5eee068c869a%22:%91%22button_text_color%22%93,%22gcid-b92786ff-ec87-4324-a2ab-968e5bd0cb80%22:%91%22button_bg_color%22%93}\u00a0\u00bb sticky_enabled=\u00a0\u00bb0&Prime;][\/et_pb_button][\/et_pb_column_inner][et_pb_column_inner type=\u00a0\u00bb1_3&Prime; saved_specialty_column_type=\u00a0\u00bb2_3&Prime; _builder_version=\u00a0\u00bb4.25.1&Prime; _module_preset=\u00a0\u00bbdefault\u00a0\u00bb global_colors_info=\u00a0\u00bb{}\u00a0\u00bb][\/et_pb_column_inner][et_pb_column_inner type=\u00a0\u00bb1_3&Prime; saved_specialty_column_type=\u00a0\u00bb2_3&Prime; _builder_version=\u00a0\u00bb4.25.1&Prime; _module_preset=\u00a0\u00bbdefault\u00a0\u00bb global_colors_info=\u00a0\u00bb{}\u00a0\u00bb][\/et_pb_column_inner][\/et_pb_row_inner][\/et_pb_column][\/et_pb_section][et_pb_section fb_built=\u00a0\u00bb1&Prime; admin_label=\u00a0\u00bbGallery\u00a0\u00bb _builder_version=\u00a0\u00bb4.24.0&Prime; _module_preset=\u00a0\u00bbdefault\u00a0\u00bb background_color=\u00a0\u00bbgcid-3b9a2baf-7195-4fd7-8a6d-3cceb6a0476c\u00a0\u00bb collapsed=\u00a0\u00bbon\u00a0\u00bb global_colors_info=\u00a0\u00bb{%22gcid-3b9a2baf-7195-4fd7-8a6d-3cceb6a0476c%22:%91%22background_color%22%93}\u00a0\u00bb][et_pb_row column_structure=\u00a0\u00bb1_3,1_3,1_3&Prime; use_custom_gutter=\u00a0\u00bbon\u00a0\u00bb gutter_width=\u00a0\u00bb2&Prime; _builder_version=\u00a0\u00bb4.25.1&Prime; _module_preset=\u00a0\u00bbdefault\u00a0\u00bb width=\u00a0\u00bb100%\u00a0\u00bb max_width=\u00a0\u00bbnone\u00a0\u00bb custom_padding=\u00a0\u00bb0px||0px||true|false\u00a0\u00bb global_colors_info=\u00a0\u00bb{}\u00a0\u00bb][et_pb_column type=\u00a0\u00bb1_3&Prime; _builder_version=\u00a0\u00bb4.25.1&Prime; _module_preset=\u00a0\u00bbdefault\u00a0\u00bb global_colors_info=\u00a0\u00bb{}\u00a0\u00bb][et_pb_image src=\u00a0\u00bbhttp:\/\/maisondebeautecapeyron.fr\/wp-content\/uploads\/2024\/10\/CY1A0435-scaled.jpg\u00a0\u00bb title_text=\u00a0\u00bbCY1A0435&Prime; _builder_version=\u00a0\u00bb4.24.0&Prime; _module_preset=\u00a0\u00bbdefault\u00a0\u00bb global_colors_info=\u00a0\u00bb{}\u00a0\u00bb][\/et_pb_image][\/et_pb_column][et_pb_column type=\u00a0\u00bb1_3&Prime; _builder_version=\u00a0\u00bb4.25.1&Prime; _module_preset=\u00a0\u00bbdefault\u00a0\u00bb global_colors_info=\u00a0\u00bb{}\u00a0\u00bb][et_pb_image src=\u00a0\u00bbhttp:\/\/maisondebeautecapeyron.fr\/wp-content\/uploads\/2024\/10\/CY1A0421-scaled.jpg\u00a0\u00bb title_text=\u00a0\u00bbCY1A0421&Prime; _builder_version=\u00a0\u00bb4.24.0&Prime; _module_preset=\u00a0\u00bbdefault\u00a0\u00bb locked=\u00a0\u00bboff\u00a0\u00bb global_colors_info=\u00a0\u00bb{}\u00a0\u00bb][\/et_pb_image][\/et_pb_column][et_pb_column type=\u00a0\u00bb1_3&Prime; _builder_version=\u00a0\u00bb4.25.1&Prime; _module_preset=\u00a0\u00bbdefault\u00a0\u00bb global_colors_info=\u00a0\u00bb{}\u00a0\u00bb][et_pb_image src=\u00a0\u00bbhttp:\/\/maisondebeautecapeyron.fr\/wp-content\/uploads\/2024\/10\/CY1A0457-scaled.jpg\u00a0\u00bb title_text=\u00a0\u00bbCY1A0457&Prime; _builder_version=\u00a0\u00bb4.24.0&Prime; _module_preset=\u00a0\u00bbdefault\u00a0\u00bb locked=\u00a0\u00bboff\u00a0\u00bb global_colors_info=\u00a0\u00bb{}\u00a0\u00bb][\/et_pb_image][\/et_pb_column][\/et_pb_row][\/et_pb_section]<\/p>\n","protected":false},"excerpt":{"rendered":"<p>Teinture des sourcils au henn\u00e9,\u00a0 ou brow lift, nous vous garantissons un r\u00e9sultat optimal pour mettre en valeur votre regard.Sublimez votre regard avec une teinture des sourcils parfaitement adapt\u00e9e \u00e0 vos envies et \u00e0 votre peau ! Nous vous proposons\u00a0deux techniques au choix, pour un r\u00e9sultat naturel, d\u00e9fini et harmonieux : Teinture au henn\u00e9 v\u00e9g\u00e9talId\u00e9ale [&hellip;]<\/p>\n","protected":false},"author":1,"featured_media":0,"parent":0,"menu_order":0,"comment_status":"closed","ping_status":"closed","template":"","meta":{"_et_pb_use_builder":"on","_et_pb_old_content":"<!-- wp:divi\/placeholder \/-->","_et_gb_content_width":"","footnotes":""},"class_list":["post-532","page","type-page","status-publish","hentry"],"_links":{"self":[{"href":"https:\/\/maisondebeautecapeyron.fr\/index.php\/wp-json\/wp\/v2\/pages\/532","targetHints":{"allow":["GET"]}}],"collection":[{"href":"https:\/\/maisondebeautecapeyron.fr\/index.php\/wp-json\/wp\/v2\/pages"}],"about":[{"href":"https:\/\/maisondebeautecapeyron.fr\/index.php\/wp-json\/wp\/v2\/types\/page"}],"author":[{"embeddable":true,"href":"https:\/\/maisondebeautecapeyron.fr\/index.php\/wp-json\/wp\/v2\/users\/1"}],"replies":[{"embeddable":true,"href":"https:\/\/maisondebeautecapeyron.fr\/index.php\/wp-json\/wp\/v2\/comments?post=532"}],"version-history":[{"count":20,"href":"https:\/\/maisondebeautecapeyron.fr\/index.php\/wp-json\/wp\/v2\/pages\/532\/revisions"}],"predecessor-version":[{"id":1208,"href":"https:\/\/maisondebeautecapeyron.fr\/index.php\/wp-json\/wp\/v2\/pages\/532\/revisions\/1208"}],"wp:attachment":[{"href":"https:\/\/maisondebeautecapeyron.fr\/index.php\/wp-json\/wp\/v2\/media?parent=532"}],"curies":[{"name":"wp","href":"https:\/\/api.w.org\/{rel}","templated":true}]}}