{"id":1059,"date":"2024-10-29T16:26:23","date_gmt":"2024-10-29T15:26:23","guid":{"rendered":"https:\/\/maisondebeautecapeyron.fr\/?page_id=1059"},"modified":"2025-12-01T08:31:59","modified_gmt":"2025-12-01T07:31:59","slug":"bon-cadeaux","status":"publish","type":"page","link":"https:\/\/maisondebeautecapeyron.fr\/index.php\/bon-cadeaux\/","title":{"rendered":"Bon cadeaux"},"content":{"rendered":"<p>[et_pb_section fb_built=\u00a0\u00bb1&Prime; admin_label=\u00a0\u00bbHeader\u00a0\u00bb _builder_version=\u00a0\u00bb4.24.0&Prime; _module_preset=\u00a0\u00bbdefault\u00a0\u00bb background_color=\u00a0\u00bbgcid-70405ffa-9041-4b6a-a9b0-2fbdad20b313&Prime; use_background_color_gradient=\u00a0\u00bbon\u00a0\u00bb background_color_gradient_stops=\u00a0\u00bbgcid-b92786ff-ec87-4324-a2ab-968e5bd0cb80 6%|gcid-904649ba-8489-45ef-bc4d-794bd4d0fcba 100%|rgba(255,251,243,0.4) 100%|rgba(252,248,239,0) 100%\u00a0\u00bb background_color_gradient_overlays_image=\u00a0\u00bbon\u00a0\u00bb background_image=\u00a0\u00bbhttp:\/\/maisondebeautecapeyron.fr\/wp-content\/uploads\/2024\/10\/CY1A8536-scaled.jpg\u00a0\u00bb background_position=\u00a0\u00bbbottom_center\u00a0\u00bb custom_padding=\u00a0\u00bb6vw||6vw||false|false\u00a0\u00bb background_last_edited=\u00a0\u00bbon|phone\u00a0\u00bb use_background_color_gradient_phone=\u00a0\u00bbon\u00a0\u00bb background_color_gradient_stops_phone=\u00a0\u00bbgcid-904649ba-8489-45ef-bc4d-794bd4d0fcba 34%|rgba(252,248,239,0) 68%|rgba(255,251,243,0.4) 88%|gcid-904649ba-8489-45ef-bc4d-794bd4d0fcba 98%\u00a0\u00bb locked=\u00a0\u00bboff\u00a0\u00bb collapsed=\u00a0\u00bbon\u00a0\u00bb global_colors_info=\u00a0\u00bb{%22gcid-904649ba-8489-45ef-bc4d-794bd4d0fcba%22:%91%22background_color_gradient_stops%22%93,%22gcid-70405ffa-9041-4b6a-a9b0-2fbdad20b313%22:%91%22background_color%22%93,%22gcid-b92786ff-ec87-4324-a2ab-968e5bd0cb80%22:%91%22background_color_gradient_stops%22%93}\u00a0\u00bb][et_pb_row _builder_version=\u00a0\u00bb4.24.0&Prime; _module_preset=\u00a0\u00bbdefault\u00a0\u00bb global_colors_info=\u00a0\u00bb{}\u00a0\u00bb][et_pb_column type=\u00a0\u00bb4_4&Prime; _builder_version=\u00a0\u00bb4.25.1&Prime; _module_preset=\u00a0\u00bbdefault\u00a0\u00bb global_colors_info=\u00a0\u00bb{}\u00a0\u00bb][et_pb_heading title=\u00a0\u00bbBon cadeaux\u00a0\u00bb _builder_version=\u00a0\u00bb4.24.0&Prime; _module_preset=\u00a0\u00bb7667d6c8-66de-4caa-b87d-8e79877827af\u00a0\u00bb title_font=\u00a0\u00bbOranienbaum|700|||||||\u00a0\u00bb title_text_align=\u00a0\u00bbcenter\u00a0\u00bb title_text_color=\u00a0\u00bbgcid-ff4238ef-1712-4e1c-9161-9652514bffb3&Prime; custom_margin=\u00a0\u00bb||10px||false|false\u00a0\u00bb global_colors_info=\u00a0\u00bb{%22gcid-ff4238ef-1712-4e1c-9161-9652514bffb3%22:%91%22title_text_color%22%93}\u00a0\u00bb][\/et_pb_heading][\/et_pb_column][\/et_pb_row][\/et_pb_section][et_pb_section fb_built=\u00a0\u00bb1&Prime; _builder_version=\u00a0\u00bb4.24.0&Prime; _module_preset=\u00a0\u00bbdefault\u00a0\u00bb background_color=\u00a0\u00bbgcid-ff4238ef-1712-4e1c-9161-9652514bffb3&Prime; global_colors_info=\u00a0\u00bb{%22gcid-ff4238ef-1712-4e1c-9161-9652514bffb3%22:%91%22background_color%22%93}\u00a0\u00bb][et_pb_row column_structure=\u00a0\u00bb1_2,1_2&Prime; _builder_version=\u00a0\u00bb4.24.0&Prime; _module_preset=\u00a0\u00bbdefault\u00a0\u00bb global_colors_info=\u00a0\u00bb{}\u00a0\u00bb][et_pb_column type=\u00a0\u00bb1_2&Prime; _builder_version=\u00a0\u00bb4.24.0&Prime; _module_preset=\u00a0\u00bbdefault\u00a0\u00bb global_colors_info=\u00a0\u00bb{}\u00a0\u00bb][et_pb_image src=\u00a0\u00bbhttp:\/\/maisondebeautecapeyron.fr\/wp-content\/uploads\/2024\/10\/wood-surprise-copyspace-wooden-box-scaled.jpg\u00a0\u00bb title_text=\u00a0\u00bbgift with red satin ribbon on wooden table. for celebrity concep\u00a0\u00bb _builder_version=\u00a0\u00bb4.24.0&Prime; _module_preset=\u00a0\u00bbdefault\u00a0\u00bb width=\u00a0\u00bb84%\u00a0\u00bb global_colors_info=\u00a0\u00bb{}\u00a0\u00bb][\/et_pb_image][\/et_pb_column][et_pb_column type=\u00a0\u00bb1_2&Prime; _builder_version=\u00a0\u00bb4.24.0&Prime; _module_preset=\u00a0\u00bbdefault\u00a0\u00bb global_colors_info=\u00a0\u00bb{}\u00a0\u00bb][et_pb_text _builder_version=\u00a0\u00bb4.24.0&Prime; _module_preset=\u00a0\u00bbdefault\u00a0\u00bb header_3_font=\u00a0\u00bbOranienbaum|700|||||||\u00a0\u00bb header_3_text_color=\u00a0\u00bbgcid-b92786ff-ec87-4324-a2ab-968e5bd0cb80&Prime; header_3_font_size=\u00a0\u00bb26px\u00a0\u00bb global_colors_info=\u00a0\u00bb{%22gcid-b92786ff-ec87-4324-a2ab-968e5bd0cb80%22:%91%22header_3_text_color%22%93}\u00a0\u00bb]<\/p>\n<h3 ng-bind-html=\"dd.view.pageTitle | translateHtml | trustHtml\" class=\"ng-binding\"><span data-lokalise=\"\" data-key=\"Bon cadeau livr\u00e9 chez vous\">Bon cadeau \u00e0 imprimer<\/span><\/h3>\n<p>[\/et_pb_text][et_pb_text _builder_version=\u00a0\u00bb4.24.0&Prime; _module_preset=\u00a0\u00bbdefault\u00a0\u00bb text_font=\u00a0\u00bbPoppins||||||||\u00a0\u00bb text_text_color=\u00a0\u00bbgcid-b92786ff-ec87-4324-a2ab-968e5bd0cb80&Prime; global_colors_info=\u00a0\u00bb{%22gcid-b92786ff-ec87-4324-a2ab-968e5bd0cb80%22:%91%22text_text_color%22%93}\u00a0\u00bb]<\/p>\n<p ng-bind-html=\"dd.view.pageTitle | translateHtml | trustHtml\" class=\"ng-binding\"><span translate=\"\"><span data-lokalise=\"\" data-key=\"Vous allez recevoir le\">Vous allez recevoir le<\/span><\/span><span>\u00a0bon <\/span><span translate=\"\"><span data-lokalise=\"\" data-key=\"cadeau par mail puis vous pourrez l'imprimer afin de l'offrir \u00e0 la personne de votre choix.\">cadeau par mail puis vous pourrez l&rsquo;imprimer afin de l&rsquo;offrir \u00e0 la personne de votre choix.<\/span><\/span><\/p>\n<p>[\/et_pb_text][et_pb_text _builder_version=\u00a0\u00bb4.24.0&Prime; _module_preset=\u00a0\u00bbdefault\u00a0\u00bb text_font=\u00a0\u00bbPoppins||||||||\u00a0\u00bb text_text_color=\u00a0\u00bbgcid-6b400d13-008b-43c3-a1b5-80c82d508152&Prime; global_colors_info=\u00a0\u00bb{%22gcid-6b400d13-008b-43c3-a1b5-80c82d508152%22:%91%22text_text_color%22%93}\u00a0\u00bb]<\/p>\n<p ng-bind-html=\"dd.view.pageTitle | translateHtml | trustHtml\" class=\"ng-binding\"><span>Valeur du bon cadeaux au choix<\/span><\/p>\n<p>[\/et_pb_text][et_pb_button button_url=\u00a0\u00bbhttps:\/\/app.reservation-en-ligne.fr\/maison-de-beaute-de-capeyron-33700-merignac\/appointment\u00a0\u00bb button_text=\u00a0\u00bbOffrir\u00a0\u00bb _builder_version=\u00a0\u00bb4.24.0&Prime; _module_preset=\u00a0\u00bbdefault\u00a0\u00bb custom_button=\u00a0\u00bbon\u00a0\u00bb button_text_color=\u00a0\u00bbgcid-1f519274-0a72-45d8-8578-e31fbdc93f8d\u00a0\u00bb button_bg_color=\u00a0\u00bbgcid-b92786ff-ec87-4324-a2ab-968e5bd0cb80&Prime; button_border_color=\u00a0\u00bbgcid-b92786ff-ec87-4324-a2ab-968e5bd0cb80&Prime; button_border_radius=\u00a0\u00bb9px\u00a0\u00bb button_font=\u00a0\u00bbOranienbaum||||||||\u00a0\u00bb hover_enabled=\u00a0\u00bb0&Prime; global_colors_info=\u00a0\u00bb{%22gcid-1f519274-0a72-45d8-8578-e31fbdc93f8d%22:%91%22button_text_color%22%93,%22gcid-b92786ff-ec87-4324-a2ab-968e5bd0cb80%22:%91%22button_bg_color%22,%22button_border_color%22%93}\u00a0\u00bb sticky_enabled=\u00a0\u00bb0&Prime;][\/et_pb_button][\/et_pb_column][\/et_pb_row][et_pb_row column_structure=\u00a0\u00bb1_2,1_2&Prime; _builder_version=\u00a0\u00bb4.24.0&Prime; _module_preset=\u00a0\u00bbdefault\u00a0\u00bb global_colors_info=\u00a0\u00bb{}\u00a0\u00bb][et_pb_column type=\u00a0\u00bb1_2&Prime; _builder_version=\u00a0\u00bb4.24.0&Prime; _module_preset=\u00a0\u00bbdefault\u00a0\u00bb global_colors_info=\u00a0\u00bb{}\u00a0\u00bb][\/et_pb_column][et_pb_column type=\u00a0\u00bb1_2&Prime; _builder_version=\u00a0\u00bb4.24.0&Prime; _module_preset=\u00a0\u00bbdefault\u00a0\u00bb global_colors_info=\u00a0\u00bb{}\u00a0\u00bb][et_pb_text _builder_version=\u00a0\u00bb4.24.0&Prime; _module_preset=\u00a0\u00bbdefault\u00a0\u00bb header_3_font=\u00a0\u00bbOranienbaum|700|||||||\u00a0\u00bb header_3_text_color=\u00a0\u00bbgcid-b92786ff-ec87-4324-a2ab-968e5bd0cb80&Prime; header_3_font_size=\u00a0\u00bb26px\u00a0\u00bb global_colors_info=\u00a0\u00bb{%22gcid-b92786ff-ec87-4324-a2ab-968e5bd0cb80%22:%91%22header_3_text_color%22%93}\u00a0\u00bb]<\/p>\n<h3 ng-bind-html=\"dd.view.pageTitle | translateHtml | trustHtml\" class=\"ng-binding\"><span data-lokalise=\"\" data-key=\"Bon cadeau livr\u00e9 chez vous\">Bon cadeau envoy\u00e9 par email<\/span><\/h3>\n<p>[\/et_pb_text][et_pb_text _builder_version=\u00a0\u00bb4.24.0&Prime; _module_preset=\u00a0\u00bbdefault\u00a0\u00bb text_font=\u00a0\u00bbPoppins||||||||\u00a0\u00bb text_text_color=\u00a0\u00bbgcid-b92786ff-ec87-4324-a2ab-968e5bd0cb80&Prime; global_colors_info=\u00a0\u00bb{%22gcid-b92786ff-ec87-4324-a2ab-968e5bd0cb80%22:%91%22text_text_color%22%93}\u00a0\u00bb]<\/p>\n<p ng-bind-html=\"dd.view.pageTitle | translateHtml | trustHtml\" class=\"ng-binding\"><span translate=\"\"><span data-lokalise=\"\" data-key=\"Le b\u00e9n\u00e9ficiaire va recevoir votre\">Le b\u00e9n\u00e9ficiaire va recevoir votre<\/span><\/span><span> <\/span><span translate=\"\"><span data-lokalise=\"\" data-key=\"cadeau par mail, il pourra ainsi l'utiliser en prenant contact avec l'\u00e9tablissement.\">cadeau par mail, il pourra ainsi l&rsquo;utiliser en prenant contact avec l&rsquo;\u00e9tablissement.<\/span><\/span><\/p>\n<p>[\/et_pb_text][et_pb_text _builder_version=\u00a0\u00bb4.24.0&Prime; _module_preset=\u00a0\u00bbdefault\u00a0\u00bb text_font=\u00a0\u00bbPoppins||||||||\u00a0\u00bb text_text_color=\u00a0\u00bbgcid-6b400d13-008b-43c3-a1b5-80c82d508152&Prime; global_colors_info=\u00a0\u00bb{%22gcid-6b400d13-008b-43c3-a1b5-80c82d508152%22:%91%22text_text_color%22%93}\u00a0\u00bb]<\/p>\n<p ng-bind-html=\"dd.view.pageTitle | translateHtml | trustHtml\" class=\"ng-binding\"><span>Valeur du bon cadeau aux choix<\/span><span><\/span><\/p>\n<p>[\/et_pb_text][et_pb_button button_url=\u00a0\u00bbhttps:\/\/app.reservation-en-ligne.fr\/maison-de-beaute-de-capeyron-33700-merignac\/appointment\u00a0\u00bb button_text=\u00a0\u00bbOffrir\u00a0\u00bb _builder_version=\u00a0\u00bb4.24.0&Prime; _module_preset=\u00a0\u00bbdefault\u00a0\u00bb custom_button=\u00a0\u00bbon\u00a0\u00bb button_text_color=\u00a0\u00bbgcid-1f519274-0a72-45d8-8578-e31fbdc93f8d\u00a0\u00bb button_bg_color=\u00a0\u00bbgcid-b92786ff-ec87-4324-a2ab-968e5bd0cb80&Prime; button_border_color=\u00a0\u00bbgcid-b92786ff-ec87-4324-a2ab-968e5bd0cb80&Prime; button_border_radius=\u00a0\u00bb9px\u00a0\u00bb button_font=\u00a0\u00bbOranienbaum||||||||\u00a0\u00bb hover_enabled=\u00a0\u00bb0&Prime; global_colors_info=\u00a0\u00bb{%22gcid-1f519274-0a72-45d8-8578-e31fbdc93f8d%22:%91%22button_text_color%22%93,%22gcid-b92786ff-ec87-4324-a2ab-968e5bd0cb80%22:%91%22button_bg_color%22,%22button_border_color%22%93}\u00a0\u00bb sticky_enabled=\u00a0\u00bb0&Prime;][\/et_pb_button][\/et_pb_column][\/et_pb_row][\/et_pb_section]<\/p>\n","protected":false},"excerpt":{"rendered":"<p>Bon cadeau \u00e0 imprimerVous allez recevoir le\u00a0bon cadeau par mail puis vous pourrez l&rsquo;imprimer afin de l&rsquo;offrir \u00e0 la personne de votre choix.Valeur du bon cadeaux au choixBon cadeau envoy\u00e9 par emailLe b\u00e9n\u00e9ficiaire va recevoir votre cadeau par mail, il pourra ainsi l&rsquo;utiliser en prenant contact avec l&rsquo;\u00e9tablissement.Valeur du bon cadeau aux choix<\/p>\n","protected":false},"author":1,"featured_media":0,"parent":0,"menu_order":0,"comment_status":"closed","ping_status":"closed","template":"","meta":{"_et_pb_use_builder":"on","_et_pb_old_content":"","_et_gb_content_width":"","footnotes":""},"class_list":["post-1059","page","type-page","status-publish","hentry"],"_links":{"self":[{"href":"https:\/\/maisondebeautecapeyron.fr\/index.php\/wp-json\/wp\/v2\/pages\/1059","targetHints":{"allow":["GET"]}}],"collection":[{"href":"https:\/\/maisondebeautecapeyron.fr\/index.php\/wp-json\/wp\/v2\/pages"}],"about":[{"href":"https:\/\/maisondebeautecapeyron.fr\/index.php\/wp-json\/wp\/v2\/types\/page"}],"author":[{"embeddable":true,"href":"https:\/\/maisondebeautecapeyron.fr\/index.php\/wp-json\/wp\/v2\/users\/1"}],"replies":[{"embeddable":true,"href":"https:\/\/maisondebeautecapeyron.fr\/index.php\/wp-json\/wp\/v2\/comments?post=1059"}],"version-history":[{"count":7,"href":"https:\/\/maisondebeautecapeyron.fr\/index.php\/wp-json\/wp\/v2\/pages\/1059\/revisions"}],"predecessor-version":[{"id":1211,"href":"https:\/\/maisondebeautecapeyron.fr\/index.php\/wp-json\/wp\/v2\/pages\/1059\/revisions\/1211"}],"wp:attachment":[{"href":"https:\/\/maisondebeautecapeyron.fr\/index.php\/wp-json\/wp\/v2\/media?parent=1059"}],"curies":[{"name":"wp","href":"https:\/\/api.w.org\/{rel}","templated":true}]}}