{"id":1046,"date":"2024-10-29T16:13:01","date_gmt":"2024-10-29T15:13:01","guid":{"rendered":"https:\/\/maisondebeautecapeyron.fr\/?page_id=1046"},"modified":"2025-04-29T17:16:45","modified_gmt":"2025-04-29T15:16:45","slug":"nos-soins-pour-enfant-by-too-fruit","status":"publish","type":"page","link":"https:\/\/maisondebeautecapeyron.fr\/index.php\/nos-soins-pour-enfant-by-too-fruit\/","title":{"rendered":"Nos soins pour enfant by Too Fruit"},"content":{"rendered":"<p>[et_pb_section fb_built=\u00a0\u00bb1&Prime; admin_label=\u00a0\u00bbHeader\u00a0\u00bb _builder_version=\u00a0\u00bb4.24.0&Prime; _module_preset=\u00a0\u00bbdefault\u00a0\u00bb background_color=\u00a0\u00bbgcid-70405ffa-9041-4b6a-a9b0-2fbdad20b313&Prime; use_background_color_gradient=\u00a0\u00bbon\u00a0\u00bb background_color_gradient_stops=\u00a0\u00bbgcid-b92786ff-ec87-4324-a2ab-968e5bd0cb80 6%|gcid-904649ba-8489-45ef-bc4d-794bd4d0fcba 100%|rgba(255,251,243,0.4) 100%|rgba(252,248,239,0) 100%\u00a0\u00bb background_color_gradient_overlays_image=\u00a0\u00bbon\u00a0\u00bb background_image=\u00a0\u00bbhttp:\/\/maisondebeautecapeyron.fr\/wp-content\/uploads\/2024\/10\/CY1A8536-scaled.jpg\u00a0\u00bb background_position=\u00a0\u00bbbottom_center\u00a0\u00bb custom_padding=\u00a0\u00bb6vw||6vw||false|false\u00a0\u00bb background_last_edited=\u00a0\u00bbon|phone\u00a0\u00bb use_background_color_gradient_phone=\u00a0\u00bbon\u00a0\u00bb background_color_gradient_stops_phone=\u00a0\u00bbgcid-904649ba-8489-45ef-bc4d-794bd4d0fcba 34%|rgba(252,248,239,0) 68%|rgba(255,251,243,0.4) 88%|gcid-904649ba-8489-45ef-bc4d-794bd4d0fcba 98%\u00a0\u00bb locked=\u00a0\u00bboff\u00a0\u00bb collapsed=\u00a0\u00bbon\u00a0\u00bb global_colors_info=\u00a0\u00bb{%22gcid-904649ba-8489-45ef-bc4d-794bd4d0fcba%22:%91%22background_color_gradient_stops%22%93,%22gcid-70405ffa-9041-4b6a-a9b0-2fbdad20b313%22:%91%22background_color%22%93,%22gcid-b92786ff-ec87-4324-a2ab-968e5bd0cb80%22:%91%22background_color_gradient_stops%22%93}\u00a0\u00bb][et_pb_row _builder_version=\u00a0\u00bb4.20.0&Prime; _module_preset=\u00a0\u00bbdefault\u00a0\u00bb global_colors_info=\u00a0\u00bb{}\u00a0\u00bb][et_pb_column type=\u00a0\u00bb4_4&Prime; _builder_version=\u00a0\u00bb4.20.0&Prime; _module_preset=\u00a0\u00bbdefault\u00a0\u00bb global_colors_info=\u00a0\u00bb{}\u00a0\u00bb][et_pb_heading title=\u00a0\u00bbR\u00e9alis\u00e9 avec les produits et protocole de soin bio de la marque Too fruit Soin, cr\u00e9\u00e9 sp\u00e9cifiquement pour les enfants de 6 \u00e0 12 ans. \u00a0\u00bb _builder_version=\u00a0\u00bb4.24.0&Prime; _module_preset=\u00a0\u00bb7667d6c8-66de-4caa-b87d-8e79877827af\u00a0\u00bb title_font=\u00a0\u00bbOranienbaum|700|||||||\u00a0\u00bb title_text_color=\u00a0\u00bbgcid-ff4238ef-1712-4e1c-9161-9652514bffb3&Prime; custom_margin=\u00a0\u00bb||10px||false|false\u00a0\u00bb global_colors_info=\u00a0\u00bb{%22gcid-ff4238ef-1712-4e1c-9161-9652514bffb3%22:%91%22title_text_color%22%93}\u00a0\u00bb][\/et_pb_heading][et_pb_text _builder_version=\u00a0\u00bb4.24.0&Prime; _module_preset=\u00a0\u00bb909ce62d-b91c-4bef-9349-15fd8b65d738&Prime; text_font=\u00a0\u00bbPoppins|500|||||||\u00a0\u00bb text_text_color=\u00a0\u00bbgcid-ff4238ef-1712-4e1c-9161-9652514bffb3&Prime; global_colors_info=\u00a0\u00bb{%22gcid-3f98729a-f325-4262-9065-9ac1c05e54f8%22:%91%22link_text_color%22,%22quote_text_color%22,%22quote_border_color%22,%22link_text_color%22,%22quote_text_color%22,%22quote_border_color%22,%22link_text_color%22,%22quote_text_color%22,%22quote_border_color%22,%22link_text_color%22,%22quote_text_color%22,%22quote_border_color%22,%22link_text_color%22,%22quote_text_color%22,%22quote_border_color%22,%22link_text_color%22,%22quote_text_color%22,%22quote_border_color%22,%22link_text_color%22,%22quote_text_color%22,%22quote_border_color%22,%22link_text_color%22,%22quote_text_color%22,%22quote_border_color%22,%22link_text_color%22,%22quote_text_color%22,%22quote_border_color%22%93,%22gcid-ff4238ef-1712-4e1c-9161-9652514bffb3%22:%91%22text_text_color%22%93}\u00a0\u00bb]<\/p>\n<p><span>Adapt\u00e9 \u00e0 leur morphologie, la sensibilit\u00e9 de leur peau et respectueuse de leur intimit\u00e9.<\/span><span id=\"selectionBoundary_1697037423811_64400950069994\" class=\"rangySelectionBoundary\"><\/span><span>\u200b<\/span><\/p>\n<p>[\/et_pb_text][\/et_pb_column][\/et_pb_row][\/et_pb_section][et_pb_section fb_built=\u00a0\u00bb1&Prime; specialty=\u00a0\u00bbon\u00a0\u00bb admin_label=\u00a0\u00bbMenu\u00a0\u00bb _builder_version=\u00a0\u00bb4.24.0&Prime; _module_preset=\u00a0\u00bbdefault\u00a0\u00bb background_color=\u00a0\u00bbgcid-ff4238ef-1712-4e1c-9161-9652514bffb3&Prime; collapsed=\u00a0\u00bbon\u00a0\u00bb global_colors_info=\u00a0\u00bb{%22gcid-ff4238ef-1712-4e1c-9161-9652514bffb3%22:%91%22background_color%22%93}\u00a0\u00bb][et_pb_column type=\u00a0\u00bb1_3&Prime; _builder_version=\u00a0\u00bb4.16&Prime; _module_preset=\u00a0\u00bbdefault\u00a0\u00bb custom_padding=\u00a0\u00bb|||\u00a0\u00bb global_colors_info=\u00a0\u00bb{}\u00a0\u00bb custom_padding__hover=\u00a0\u00bb|||\u00a0\u00bb][et_pb_image src=\u00a0\u00bbhttp:\/\/maisondebeautecapeyron.fr\/wp-content\/uploads\/2024\/10\/Banniere-Mobile-TOOFRUIT-enfants-1.jpg\u00a0\u00bb title_text=\u00a0\u00bbxr:d:DAFlOqCEMPk:13,j:4185364289935566827,t:23062313&Prime; _builder_version=\u00a0\u00bb4.24.0&Prime; _module_preset=\u00a0\u00bbdefault\u00a0\u00bb width=\u00a0\u00bb149%\u00a0\u00bb custom_margin=\u00a0\u00bb|||-11vw|false|false\u00a0\u00bb custom_margin_tablet=\u00a0\u00bb|||0vw|false|false\u00a0\u00bb custom_margin_phone=\u00a0\u00bb|||0vw|false|false\u00a0\u00bb custom_margin_last_edited=\u00a0\u00bbon|desktop\u00a0\u00bb global_colors_info=\u00a0\u00bb{}\u00a0\u00bb][\/et_pb_image][\/et_pb_column][et_pb_column type=\u00a0\u00bb2_3&Prime; specialty_columns=\u00a0\u00bb2&Prime; _builder_version=\u00a0\u00bb4.16&Prime; _module_preset=\u00a0\u00bbdefault\u00a0\u00bb custom_padding=\u00a0\u00bb|||\u00a0\u00bb global_colors_info=\u00a0\u00bb{}\u00a0\u00bb custom_padding__hover=\u00a0\u00bb|||\u00a0\u00bb][et_pb_row_inner _builder_version=\u00a0\u00bb4.24.0&Prime; _module_preset=\u00a0\u00bbdefault\u00a0\u00bb global_colors_info=\u00a0\u00bb{}\u00a0\u00bb][et_pb_column_inner saved_specialty_column_type=\u00a0\u00bb2_3&Prime; _builder_version=\u00a0\u00bb4.24.0&Prime; _module_preset=\u00a0\u00bbdefault\u00a0\u00bb global_colors_info=\u00a0\u00bb{}\u00a0\u00bb][et_pb_text _builder_version=\u00a0\u00bb4.24.0&Prime; _module_preset=\u00a0\u00bbdefault\u00a0\u00bb header_font_size=\u00a0\u00bb34px\u00a0\u00bb header_2_font=\u00a0\u00bbOranienbaum|700|||||||\u00a0\u00bb header_2_text_color=\u00a0\u00bbgcid-b92786ff-ec87-4324-a2ab-968e5bd0cb80&Prime; header_2_font_size=\u00a0\u00bb34px\u00a0\u00bb global_colors_info=\u00a0\u00bb{%22gcid-b92786ff-ec87-4324-a2ab-968e5bd0cb80%22:%91%22header_2_text_color%22%93}\u00a0\u00bb]<\/p>\n<h2 style=\"text-align: center;\">Nos soins pour enfant by Too Fruit<\/h2>\n<p>[\/et_pb_text][\/et_pb_column_inner][\/et_pb_row_inner][et_pb_row_inner column_structure=\u00a0\u00bb1_2,1_2&Prime; _builder_version=\u00a0\u00bb4.25.1&Prime; _module_preset=\u00a0\u00bbdefault\u00a0\u00bb global_colors_info=\u00a0\u00bb{}\u00a0\u00bb][et_pb_column_inner type=\u00a0\u00bb1_2&Prime; saved_specialty_column_type=\u00a0\u00bb2_3&Prime; _builder_version=\u00a0\u00bb4.25.1&Prime; _module_preset=\u00a0\u00bbdefault\u00a0\u00bb global_colors_info=\u00a0\u00bb{}\u00a0\u00bb][et_pb_heading title=\u00a0\u00bbMa douce frimousse\u00a0\u00bb _builder_version=\u00a0\u00bb4.24.0&Prime; _module_preset=\u00a0\u00bb1e2dd288-d54c-4d8c-a46b-44f8bc4878f7&Prime; title_font=\u00a0\u00bbPoppins|700|||||||\u00a0\u00bb title_text_color=\u00a0\u00bbgcid-b92786ff-ec87-4324-a2ab-968e5bd0cb80&Prime; custom_margin=\u00a0\u00bb||0px||false|false\u00a0\u00bb locked=\u00a0\u00bboff\u00a0\u00bb global_colors_info=\u00a0\u00bb{%22gcid-b92786ff-ec87-4324-a2ab-968e5bd0cb80%22:%91%22title_text_color%22%93}\u00a0\u00bb][\/et_pb_heading][et_pb_heading title=\u00a0\u00bb40,00\u20ac &#8211; 30 min\u00a0\u00bb _builder_version=\u00a0\u00bb4.24.0&Prime; _module_preset=\u00a0\u00bbe14aaf9c-3ff4-4d22-b5c5-a3f556c0d4aa\u00a0\u00bb title_font=\u00a0\u00bbPoppins|700||on|||||\u00a0\u00bb title_text_color=\u00a0\u00bbgcid-6b400d13-008b-43c3-a1b5-80c82d508152&Prime; custom_margin=\u00a0\u00bb||0px||false|false\u00a0\u00bb hover_enabled=\u00a0\u00bb0&Prime; locked=\u00a0\u00bboff\u00a0\u00bb global_colors_info=\u00a0\u00bb{%22gcid-6b400d13-008b-43c3-a1b5-80c82d508152%22:%91%22title_text_color%22%93}\u00a0\u00bb sticky_enabled=\u00a0\u00bb0&Prime;][\/et_pb_heading][et_pb_text _builder_version=\u00a0\u00bb4.24.0&Prime; _module_preset=\u00a0\u00bb6461aa78-f01a-4cb3-bace-e5c8b1f8dca2&Prime; text_font=\u00a0\u00bbPoppins|300|||||||\u00a0\u00bb text_text_color=\u00a0\u00bbgcid-b92786ff-ec87-4324-a2ab-968e5bd0cb80&Prime; global_colors_info=\u00a0\u00bb{%22gcid-3f98729a-f325-4262-9065-9ac1c05e54f8%22:%91%22link_text_color%22,%22quote_text_color%22,%22quote_border_color%22,%22link_text_color%22,%22quote_text_color%22,%22quote_border_color%22,%22link_text_color%22,%22quote_text_color%22,%22quote_border_color%22,%22link_text_color%22,%22quote_text_color%22,%22quote_border_color%22%93,%22gcid-b92786ff-ec87-4324-a2ab-968e5bd0cb80%22:%91%22text_text_color%22%93}\u00a0\u00bb]<\/p>\n<p><span>Maintient la vitalit\u00e9 et l&rsquo;hydratation de la peau du visage, dans le respect de la sensibilit\u00e9 de la peau de l&rsquo;enfant.<\/span><\/p>\n<p>[\/et_pb_text][et_pb_button button_url=\u00a0\u00bbhttps:\/\/app.kiute.com\/la-maison-de-beaute-de-capeyron\/service\/4720861175414784&Prime; button_text=\u00a0\u00bbR\u00e9server\u00a0\u00bb _builder_version=\u00a0\u00bb4.24.0&Prime; _module_preset=\u00a0\u00bbdefault\u00a0\u00bb custom_button=\u00a0\u00bbon\u00a0\u00bb button_text_color=\u00a0\u00bbgcid-9dfd0cfb-55f4-48fb-b1a6-5eee068c869a\u00a0\u00bb button_bg_color=\u00a0\u00bbgcid-b92786ff-ec87-4324-a2ab-968e5bd0cb80&Prime; button_border_width=\u00a0\u00bb0px\u00a0\u00bb button_border_radius=\u00a0\u00bb4px\u00a0\u00bb button_font=\u00a0\u00bbOranienbaum||||||||\u00a0\u00bb custom_margin=\u00a0\u00bb-16px||||false|false\u00a0\u00bb locked=\u00a0\u00bboff\u00a0\u00bb global_colors_info=\u00a0\u00bb{%22gcid-9dfd0cfb-55f4-48fb-b1a6-5eee068c869a%22:%91%22button_text_color%22%93,%22gcid-b92786ff-ec87-4324-a2ab-968e5bd0cb80%22:%91%22button_bg_color%22%93}\u00a0\u00bb][\/et_pb_button][et_pb_heading title=\u00a0\u00bbSoin relax\u00a0\u00bb _builder_version=\u00a0\u00bb4.24.0&Prime; _module_preset=\u00a0\u00bb1e2dd288-d54c-4d8c-a46b-44f8bc4878f7&Prime; title_font=\u00a0\u00bbPoppins|700|||||||\u00a0\u00bb title_text_color=\u00a0\u00bbgcid-b92786ff-ec87-4324-a2ab-968e5bd0cb80&Prime; custom_margin=\u00a0\u00bb||0px||false|false\u00a0\u00bb locked=\u00a0\u00bboff\u00a0\u00bb global_colors_info=\u00a0\u00bb{%22gcid-b92786ff-ec87-4324-a2ab-968e5bd0cb80%22:%91%22title_text_color%22%93}\u00a0\u00bb][\/et_pb_heading][et_pb_heading title=\u00a0\u00bb70,00 \u20ac &#8211; 1 h \u00a0\u00bb _builder_version=\u00a0\u00bb4.24.0&Prime; _module_preset=\u00a0\u00bbe14aaf9c-3ff4-4d22-b5c5-a3f556c0d4aa\u00a0\u00bb title_font=\u00a0\u00bbPoppins|700||on|||||\u00a0\u00bb title_text_color=\u00a0\u00bbgcid-6b400d13-008b-43c3-a1b5-80c82d508152&Prime; custom_margin=\u00a0\u00bb||0px||false|false\u00a0\u00bb hover_enabled=\u00a0\u00bb0&Prime; locked=\u00a0\u00bboff\u00a0\u00bb global_colors_info=\u00a0\u00bb{%22gcid-6b400d13-008b-43c3-a1b5-80c82d508152%22:%91%22title_text_color%22%93}\u00a0\u00bb sticky_enabled=\u00a0\u00bb0&Prime;][\/et_pb_heading][et_pb_text _builder_version=\u00a0\u00bb4.24.0&Prime; _module_preset=\u00a0\u00bb6461aa78-f01a-4cb3-bace-e5c8b1f8dca2&Prime; text_font=\u00a0\u00bbPoppins|300|||||||\u00a0\u00bb text_text_color=\u00a0\u00bbgcid-b92786ff-ec87-4324-a2ab-968e5bd0cb80&Prime; hover_enabled=\u00a0\u00bb0&Prime; global_colors_info=\u00a0\u00bb{%22gcid-3f98729a-f325-4262-9065-9ac1c05e54f8%22:%91%22link_text_color%22,%22quote_text_color%22,%22quote_border_color%22%93,%22gcid-b92786ff-ec87-4324-a2ab-968e5bd0cb80%22:%91%22text_text_color%22%93}\u00a0\u00bb sticky_enabled=\u00a0\u00bb0&Prime;]<\/p>\n<p><span>Ma douce frimousse + Soin body doux.<\/span><\/p>\n<p>[\/et_pb_text][et_pb_button button_url=\u00a0\u00bbhttps:\/\/app.kiute.com\/la-maison-de-beaute-de-capeyron\/service\/5190519338893312&Prime; button_text=\u00a0\u00bbR\u00e9server\u00a0\u00bb _builder_version=\u00a0\u00bb4.24.0&Prime; _module_preset=\u00a0\u00bbdefault\u00a0\u00bb custom_button=\u00a0\u00bbon\u00a0\u00bb button_text_color=\u00a0\u00bbgcid-9dfd0cfb-55f4-48fb-b1a6-5eee068c869a\u00a0\u00bb button_bg_color=\u00a0\u00bbgcid-b92786ff-ec87-4324-a2ab-968e5bd0cb80&Prime; button_border_width=\u00a0\u00bb0px\u00a0\u00bb button_border_radius=\u00a0\u00bb4px\u00a0\u00bb button_font=\u00a0\u00bbOranienbaum||||||||\u00a0\u00bb custom_margin=\u00a0\u00bb-16px||||false|false\u00a0\u00bb locked=\u00a0\u00bboff\u00a0\u00bb global_colors_info=\u00a0\u00bb{%22gcid-9dfd0cfb-55f4-48fb-b1a6-5eee068c869a%22:%91%22button_text_color%22%93,%22gcid-b92786ff-ec87-4324-a2ab-968e5bd0cb80%22:%91%22button_bg_color%22%93}\u00a0\u00bb][\/et_pb_button][et_pb_heading title=\u00a0\u00bbOffre complicit\u00e9 parent &#038; enfant \u00a0\u00bb _builder_version=\u00a0\u00bb4.24.0&Prime; _module_preset=\u00a0\u00bb1e2dd288-d54c-4d8c-a46b-44f8bc4878f7&Prime; title_font=\u00a0\u00bbPoppins|700|||||||\u00a0\u00bb title_text_color=\u00a0\u00bbgcid-b92786ff-ec87-4324-a2ab-968e5bd0cb80&Prime; title_font_size=\u00a0\u00bb18px\u00a0\u00bb custom_margin=\u00a0\u00bb||0px||false|false\u00a0\u00bb locked=\u00a0\u00bboff\u00a0\u00bb global_colors_info=\u00a0\u00bb{%22gcid-b92786ff-ec87-4324-a2ab-968e5bd0cb80%22:%91%22title_text_color%22%93}\u00a0\u00bb][\/et_pb_heading][et_pb_heading title=\u00a0\u00bb100,00 \u20ac &#8211; 30 min\u00a0\u00bb _builder_version=\u00a0\u00bb4.24.0&Prime; _module_preset=\u00a0\u00bbe14aaf9c-3ff4-4d22-b5c5-a3f556c0d4aa\u00a0\u00bb title_font=\u00a0\u00bbPoppins|700||on|||||\u00a0\u00bb title_text_color=\u00a0\u00bbgcid-6b400d13-008b-43c3-a1b5-80c82d508152&Prime; custom_margin=\u00a0\u00bb||0px||false|false\u00a0\u00bb hover_enabled=\u00a0\u00bb0&Prime; locked=\u00a0\u00bboff\u00a0\u00bb global_colors_info=\u00a0\u00bb{%22gcid-6b400d13-008b-43c3-a1b5-80c82d508152%22:%91%22title_text_color%22%93}\u00a0\u00bb sticky_enabled=\u00a0\u00bb0&Prime;][\/et_pb_heading][et_pb_text _builder_version=\u00a0\u00bb4.24.0&Prime; _module_preset=\u00a0\u00bb6461aa78-f01a-4cb3-bace-e5c8b1f8dca2&Prime; text_font=\u00a0\u00bbPoppins|300|||||||\u00a0\u00bb text_text_color=\u00a0\u00bbgcid-b92786ff-ec87-4324-a2ab-968e5bd0cb80&Prime; global_colors_info=\u00a0\u00bb{%22gcid-3f98729a-f325-4262-9065-9ac1c05e54f8%22:%91%22link_text_color%22,%22quote_text_color%22,%22quote_border_color%22%93,%22gcid-b92786ff-ec87-4324-a2ab-968e5bd0cb80%22:%91%22text_text_color%22%93}\u00a0\u00bb]<\/p>\n<p><span style=\"font-weight: 400;\">Moments de d\u00e9tente partag\u00e9s favorise l&rsquo;attachement, l&rsquo;\u00e9coute et la complicit\u00e9. Aux choix sera r\u00e9alis\u00e9 le soin body doux ou le soin douce frimousse.<\/span><\/p>\n<p>[\/et_pb_text][et_pb_button button_url=\u00a0\u00bbhttps:\/\/app.kiute.com\/la-maison-de-beaute-de-capeyron\/service\/6160564739178496&Prime; button_text=\u00a0\u00bbR\u00e9server\u00a0\u00bb _builder_version=\u00a0\u00bb4.24.0&Prime; _module_preset=\u00a0\u00bbdefault\u00a0\u00bb custom_button=\u00a0\u00bbon\u00a0\u00bb button_text_color=\u00a0\u00bbgcid-9dfd0cfb-55f4-48fb-b1a6-5eee068c869a\u00a0\u00bb button_bg_color=\u00a0\u00bbgcid-b92786ff-ec87-4324-a2ab-968e5bd0cb80&Prime; button_border_width=\u00a0\u00bb0px\u00a0\u00bb button_border_radius=\u00a0\u00bb4px\u00a0\u00bb button_font=\u00a0\u00bbOranienbaum||||||||\u00a0\u00bb custom_margin=\u00a0\u00bb-16px||||false|false\u00a0\u00bb locked=\u00a0\u00bboff\u00a0\u00bb global_colors_info=\u00a0\u00bb{%22gcid-9dfd0cfb-55f4-48fb-b1a6-5eee068c869a%22:%91%22button_text_color%22%93,%22gcid-b92786ff-ec87-4324-a2ab-968e5bd0cb80%22:%91%22button_bg_color%22%93}\u00a0\u00bb][\/et_pb_button][\/et_pb_column_inner][et_pb_column_inner type=\u00a0\u00bb1_2&Prime; saved_specialty_column_type=\u00a0\u00bb2_3&Prime; _builder_version=\u00a0\u00bb4.25.1&Prime; _module_preset=\u00a0\u00bbdefault\u00a0\u00bb global_colors_info=\u00a0\u00bb{}\u00a0\u00bb][et_pb_heading title=\u00a0\u00bbSoin body doux\u00a0\u00bb _builder_version=\u00a0\u00bb4.24.0&Prime; _module_preset=\u00a0\u00bb1e2dd288-d54c-4d8c-a46b-44f8bc4878f7&Prime; title_font=\u00a0\u00bbPoppins|700|||||||\u00a0\u00bb title_text_color=\u00a0\u00bbgcid-b92786ff-ec87-4324-a2ab-968e5bd0cb80&Prime; custom_margin=\u00a0\u00bb||0px||false|false\u00a0\u00bb locked=\u00a0\u00bboff\u00a0\u00bb global_colors_info=\u00a0\u00bb{%22gcid-b92786ff-ec87-4324-a2ab-968e5bd0cb80%22:%91%22title_text_color%22%93}\u00a0\u00bb][\/et_pb_heading][et_pb_heading title=\u00a0\u00bb40,00 \u20ac &#8211; 30 min\u00a0\u00bb _builder_version=\u00a0\u00bb4.24.0&Prime; _module_preset=\u00a0\u00bbe14aaf9c-3ff4-4d22-b5c5-a3f556c0d4aa\u00a0\u00bb title_font=\u00a0\u00bbPoppins|700||on|||||\u00a0\u00bb title_text_color=\u00a0\u00bbgcid-6b400d13-008b-43c3-a1b5-80c82d508152&Prime; custom_margin=\u00a0\u00bb||0px||false|false\u00a0\u00bb hover_enabled=\u00a0\u00bb0&Prime; locked=\u00a0\u00bboff\u00a0\u00bb global_colors_info=\u00a0\u00bb{%22gcid-6b400d13-008b-43c3-a1b5-80c82d508152%22:%91%22title_text_color%22%93}\u00a0\u00bb sticky_enabled=\u00a0\u00bb0&Prime;][\/et_pb_heading][et_pb_text _builder_version=\u00a0\u00bb4.24.0&Prime; _module_preset=\u00a0\u00bb6461aa78-f01a-4cb3-bace-e5c8b1f8dca2&Prime; text_font=\u00a0\u00bbPoppins|300|||||||\u00a0\u00bb text_text_color=\u00a0\u00bbgcid-b92786ff-ec87-4324-a2ab-968e5bd0cb80&Prime; global_colors_info=\u00a0\u00bb{%22gcid-3f98729a-f325-4262-9065-9ac1c05e54f8%22:%91%22link_text_color%22,%22quote_text_color%22,%22quote_border_color%22%93,%22gcid-b92786ff-ec87-4324-a2ab-968e5bd0cb80%22:%91%22text_text_color%22%93}\u00a0\u00bb]<\/p>\n<p><span>Favorise la d\u00e9tente, le repos et la confiance en soi, dans le respect de l&rsquo;intimit\u00e9 de l&rsquo;enfant. Massage du dos<\/span><\/p>\n<p>[\/et_pb_text][et_pb_button button_url=\u00a0\u00bbhttps:\/\/app.kiute.com\/la-maison-de-beaute-de-capeyron\/service\/4694226371936256&Prime; button_text=\u00a0\u00bbR\u00e9server\u00a0\u00bb _builder_version=\u00a0\u00bb4.24.0&Prime; _module_preset=\u00a0\u00bbdefault\u00a0\u00bb custom_button=\u00a0\u00bbon\u00a0\u00bb button_text_color=\u00a0\u00bbgcid-9dfd0cfb-55f4-48fb-b1a6-5eee068c869a\u00a0\u00bb button_bg_color=\u00a0\u00bbgcid-b92786ff-ec87-4324-a2ab-968e5bd0cb80&Prime; button_border_width=\u00a0\u00bb0px\u00a0\u00bb button_border_radius=\u00a0\u00bb4px\u00a0\u00bb button_font=\u00a0\u00bbOranienbaum||||||||\u00a0\u00bb custom_margin=\u00a0\u00bb-16px||||false|false\u00a0\u00bb locked=\u00a0\u00bboff\u00a0\u00bb global_colors_info=\u00a0\u00bb{%22gcid-9dfd0cfb-55f4-48fb-b1a6-5eee068c869a%22:%91%22button_text_color%22%93,%22gcid-b92786ff-ec87-4324-a2ab-968e5bd0cb80%22:%91%22button_bg_color%22%93}\u00a0\u00bb][\/et_pb_button][et_pb_heading title=\u00a0\u00bbDouce mimine\u00a0\u00bb _builder_version=\u00a0\u00bb4.24.0&Prime; _module_preset=\u00a0\u00bb1e2dd288-d54c-4d8c-a46b-44f8bc4878f7&Prime; title_font=\u00a0\u00bbPoppins|700|||||||\u00a0\u00bb title_text_color=\u00a0\u00bbgcid-b92786ff-ec87-4324-a2ab-968e5bd0cb80&Prime; custom_margin=\u00a0\u00bb||0px||false|false\u00a0\u00bb locked=\u00a0\u00bboff\u00a0\u00bb global_colors_info=\u00a0\u00bb{%22gcid-b92786ff-ec87-4324-a2ab-968e5bd0cb80%22:%91%22title_text_color%22%93}\u00a0\u00bb][\/et_pb_heading][et_pb_heading title=\u00a0\u00bb26,90 \u20ac -25 min\u00a0\u00bb _builder_version=\u00a0\u00bb4.24.0&Prime; _module_preset=\u00a0\u00bbe14aaf9c-3ff4-4d22-b5c5-a3f556c0d4aa\u00a0\u00bb title_font=\u00a0\u00bbPoppins|700||on|||||\u00a0\u00bb title_text_color=\u00a0\u00bbgcid-6b400d13-008b-43c3-a1b5-80c82d508152&Prime; custom_margin=\u00a0\u00bb||0px||false|false\u00a0\u00bb hover_enabled=\u00a0\u00bb0&Prime; locked=\u00a0\u00bboff\u00a0\u00bb global_colors_info=\u00a0\u00bb{%22gcid-6b400d13-008b-43c3-a1b5-80c82d508152%22:%91%22title_text_color%22%93}\u00a0\u00bb sticky_enabled=\u00a0\u00bb0&Prime;][\/et_pb_heading][et_pb_text _builder_version=\u00a0\u00bb4.24.0&Prime; _module_preset=\u00a0\u00bb6461aa78-f01a-4cb3-bace-e5c8b1f8dca2&Prime; text_font=\u00a0\u00bbPoppins|300|||||||\u00a0\u00bb text_text_color=\u00a0\u00bbgcid-b92786ff-ec87-4324-a2ab-968e5bd0cb80&Prime; global_colors_info=\u00a0\u00bb{%22gcid-3f98729a-f325-4262-9065-9ac1c05e54f8%22:%91%22link_text_color%22,%22quote_text_color%22,%22quote_border_color%22%93,%22gcid-b92786ff-ec87-4324-a2ab-968e5bd0cb80%22:%91%22text_text_color%22%93}\u00a0\u00bb]<\/p>\n<p><span>1er massage des mains bio pour enfants. D\u00e9tente et relaxation des mains suivie d&rsquo;un pose de vernis.<\/span><\/p>\n<p>[\/et_pb_text][et_pb_button button_url=\u00a0\u00bbhttps:\/\/app.kiute.com\/la-maison-de-beaute-de-capeyron\/service\/6657015755898880&Prime; button_text=\u00a0\u00bbR\u00e9server\u00a0\u00bb _builder_version=\u00a0\u00bb4.24.0&Prime; _module_preset=\u00a0\u00bbdefault\u00a0\u00bb custom_button=\u00a0\u00bbon\u00a0\u00bb button_text_color=\u00a0\u00bbgcid-9dfd0cfb-55f4-48fb-b1a6-5eee068c869a\u00a0\u00bb button_bg_color=\u00a0\u00bbgcid-b92786ff-ec87-4324-a2ab-968e5bd0cb80&Prime; button_border_width=\u00a0\u00bb0px\u00a0\u00bb button_border_radius=\u00a0\u00bb4px\u00a0\u00bb button_font=\u00a0\u00bbOranienbaum||||||||\u00a0\u00bb custom_margin=\u00a0\u00bb-16px||||false|false\u00a0\u00bb locked=\u00a0\u00bboff\u00a0\u00bb global_colors_info=\u00a0\u00bb{%22gcid-9dfd0cfb-55f4-48fb-b1a6-5eee068c869a%22:%91%22button_text_color%22%93,%22gcid-b92786ff-ec87-4324-a2ab-968e5bd0cb80%22:%91%22button_bg_color%22%93}\u00a0\u00bb][\/et_pb_button][\/et_pb_column_inner][\/et_pb_row_inner][\/et_pb_column][\/et_pb_section]<\/p>\n","protected":false},"excerpt":{"rendered":"<p>Adapt\u00e9 \u00e0 leur morphologie, la sensibilit\u00e9 de leur peau et respectueuse de leur intimit\u00e9.\u200bNos soins pour enfant by Too FruitMaintient la vitalit\u00e9 et l&rsquo;hydratation de la peau du visage, dans le respect de la sensibilit\u00e9 de la peau de l&rsquo;enfant.Ma douce frimousse + Soin body doux.Moments de d\u00e9tente partag\u00e9s favorise l&rsquo;attachement, l&rsquo;\u00e9coute et la complicit\u00e9. [&hellip;]<\/p>\n","protected":false},"author":1,"featured_media":0,"parent":0,"menu_order":0,"comment_status":"closed","ping_status":"closed","template":"","meta":{"_et_pb_use_builder":"on","_et_pb_old_content":"","_et_gb_content_width":"","footnotes":""},"class_list":["post-1046","page","type-page","status-publish","hentry"],"_links":{"self":[{"href":"https:\/\/maisondebeautecapeyron.fr\/index.php\/wp-json\/wp\/v2\/pages\/1046","targetHints":{"allow":["GET"]}}],"collection":[{"href":"https:\/\/maisondebeautecapeyron.fr\/index.php\/wp-json\/wp\/v2\/pages"}],"about":[{"href":"https:\/\/maisondebeautecapeyron.fr\/index.php\/wp-json\/wp\/v2\/types\/page"}],"author":[{"embeddable":true,"href":"https:\/\/maisondebeautecapeyron.fr\/index.php\/wp-json\/wp\/v2\/users\/1"}],"replies":[{"embeddable":true,"href":"https:\/\/maisondebeautecapeyron.fr\/index.php\/wp-json\/wp\/v2\/comments?post=1046"}],"version-history":[{"count":4,"href":"https:\/\/maisondebeautecapeyron.fr\/index.php\/wp-json\/wp\/v2\/pages\/1046\/revisions"}],"predecessor-version":[{"id":1166,"href":"https:\/\/maisondebeautecapeyron.fr\/index.php\/wp-json\/wp\/v2\/pages\/1046\/revisions\/1166"}],"wp:attachment":[{"href":"https:\/\/maisondebeautecapeyron.fr\/index.php\/wp-json\/wp\/v2\/media?parent=1046"}],"curies":[{"name":"wp","href":"https:\/\/api.w.org\/{rel}","templated":true}]}}